{"id":10,"date":"2021-12-24T16:53:30","date_gmt":"2021-12-24T15:53:30","guid":{"rendered":"http:\/\/xmwbjjw.cluster031.hosting.ovh.net\/?page_id=10"},"modified":"2022-01-17T12:14:54","modified_gmt":"2022-01-17T11:14:54","slug":"accueil","status":"publish","type":"page","link":"https:\/\/julieberthelemy.com\/","title":{"rendered":"Kin\u00e9siologie de la sant\u00e9 \/ Health Kinesiology (HK)"},"content":{"rendered":"\n<p id=\"la-kin\u00e9sio\"><a href=\"#qu-est-ce-que-la-kin\u00e9sio\">Qu\u2019est-ce que la kin\u00e9siologie&nbsp;?<\/a><\/p>\n\n\n\n<p><a href=\"#comment-fonctionne-t-elle\">Comment fonctionne-t-elle&nbsp;?<\/a><\/p>\n\n\n\n<p><a href=\"#b\u00e9n\u00e9fices-kin\u00e9sio\">Qui peut en b\u00e9n\u00e9ficier&nbsp;?<\/a><\/p>\n\n\n\n<p><a href=\"#d\u00e9roul\u00e9-d-une-s\u00e9ance\">Comment se d\u00e9roule une s\u00e9ance&nbsp;?<\/a><\/p>\n\n\n\n<p><a href=\"#d\u00e9couverte-kin\u00e9sio\">A d\u00e9couvrir sur cette page&nbsp;!<\/a><\/p>\n\n\n\n<hr class=\"wp-block-separator has-text-color has-background is-style-wide\" style=\"background-color:#797979;color:#797979\"\/>\n\n\n\n<div class=\"wp-block-media-text alignwide is-stacked-on-mobile\"><figure class=\"wp-block-media-text__media\"><img loading=\"lazy\" decoding=\"async\" width=\"1024\" height=\"682\" src=\"http:\/\/xmwbjjw.cluster031.hosting.ovh.net\/wp-content\/uploads\/2021\/12\/avocado-boat-texte-1024x682.jpg\" alt=\"\" class=\"wp-image-51 size-full\" srcset=\"https:\/\/julieberthelemy.com\/wp-content\/uploads\/2021\/12\/avocado-boat-texte-1024x682.jpg 1024w, https:\/\/julieberthelemy.com\/wp-content\/uploads\/2021\/12\/avocado-boat-texte-300x200.jpg 300w, https:\/\/julieberthelemy.com\/wp-content\/uploads\/2021\/12\/avocado-boat-texte-768x512.jpg 768w, https:\/\/julieberthelemy.com\/wp-content\/uploads\/2021\/12\/avocado-boat-texte-1536x1024.jpg 1536w, https:\/\/julieberthelemy.com\/wp-content\/uploads\/2021\/12\/avocado-boat-texte-1320x880.jpg 1320w, https:\/\/julieberthelemy.com\/wp-content\/uploads\/2021\/12\/avocado-boat-texte-350x233.jpg 350w, https:\/\/julieberthelemy.com\/wp-content\/uploads\/2021\/12\/avocado-boat-texte.jpg 1685w\" sizes=\"auto, (max-width: 706px) 89vw, (max-width: 767px) 82vw, 740px\" \/><\/figure><div class=\"wp-block-media-text__content\">\n<p id=\"la-kin\u00e9sio\" style=\"font-size:18px\"><strong><span style=\"color:#808080\" class=\"has-inline-color\">La kin\u00e9siologie :<\/span><\/strong><\/p>\n\n\n\n<p class=\"has-text-color has-normal-font-size\" style=\"color:#808080\">La Health kinesiology (HK) est une pratique de m\u00e9decine douce mais puissante, adapt\u00e9e \u00e0 tous. Elle peut vous aider \u00e0 r\u00e9aliser vos objectifs et \u00e0 surmonter toutes sortes de probl\u00e9matiques, gr\u00e2ce \u00e0 son action sur l\u2019\u00e9nergie vitale.<\/p>\n<\/div><\/div>\n\n\n\n<hr class=\"wp-block-separator has-text-color has-background is-style-wide\" style=\"background-color:#797979;color:#797979\"\/>\n\n\n\n<div class=\"wp-block-media-text alignwide has-media-on-the-right is-stacked-on-mobile\" id=\"qu-est-ce-que-la-kin\u00e9sio\"><figure class=\"wp-block-media-text__media\"><img loading=\"lazy\" decoding=\"async\" width=\"1024\" height=\"755\" src=\"http:\/\/xmwbjjw.cluster031.hosting.ovh.net\/wp-content\/uploads\/2021\/12\/peacock-feather-texte3-1024x755.jpg\" alt=\"\" class=\"wp-image-54 size-full\" srcset=\"https:\/\/julieberthelemy.com\/wp-content\/uploads\/2021\/12\/peacock-feather-texte3-1024x755.jpg 1024w, https:\/\/julieberthelemy.com\/wp-content\/uploads\/2021\/12\/peacock-feather-texte3-300x221.jpg 300w, https:\/\/julieberthelemy.com\/wp-content\/uploads\/2021\/12\/peacock-feather-texte3-768x566.jpg 768w, https:\/\/julieberthelemy.com\/wp-content\/uploads\/2021\/12\/peacock-feather-texte3-350x258.jpg 350w, https:\/\/julieberthelemy.com\/wp-content\/uploads\/2021\/12\/peacock-feather-texte3.jpg 1245w\" sizes=\"auto, (max-width: 706px) 89vw, (max-width: 767px) 82vw, 740px\" \/><\/figure><div class=\"wp-block-media-text__content\">\n<p class=\"has-text-color\" style=\"color:#808080;font-size:18px\"><strong>Qu\u2019est-ce que la Health Kin\u00e9siology&nbsp;?<\/strong><\/p>\n\n\n\n<p class=\"has-text-color\" style=\"color:#808080\">Mise au point par Jimmy P. Scott au d\u00e9but des ann\u00e9es 80, la Health Kinesiology (HK) est une technique bio\u00e9nerg\u00e9tique. Son objectif&nbsp;: corriger les d\u00e9s\u00e9quilibres \u00e9nerg\u00e9tiques de l\u2019organisme.<br><br>En <strong>HK<\/strong>, le principe de base est que le corps a sa propre \u00e9nergie de gu\u00e9rison. Bien qu\u2019il fasse de son mieux pour prendre soin de lui-m\u00eame, il a parfois besoin d&rsquo;un peu d&rsquo;aide pour atteindre cet \u00e9tat d\u2019\u00e9quilibre.<br><br>Un stress, quel qu\u2019il soit (physique, organique, \u00e9motion perturbatrice\u2026), va changer l\u2019\u00e9nergie de notre corps ce qui va entra\u00eener une perturbation de son bon fonctionnement.<br><br>C\u2019est l\u00e0 qu\u2019entre en jeu la kin\u00e9siologie&nbsp;! Elle utilise le test musculaire afin d\u2019interroger le corps pour d\u00e9tecter les stress et\/ou d\u00e9s\u00e9quilibres pr\u00e9sents dans le syst\u00e8me \u00e9nerg\u00e9tique d\u2019une personne.<\/p>\n<\/div><\/div>\n\n\n\n<hr class=\"wp-block-separator has-text-color has-background is-style-wide\" style=\"background-color:#797979;color:#797979\"\/>\n\n\n\n<p><span style=\"color:#797979\" class=\"has-inline-color\"> En suivant les principes de la m\u00e9decine traditionnelle chinoise, elle va pouvoir lever les blocages \u00e0 l\u2019aide d\u2019une s\u00e9rie de corrections d\u00e9termin\u00e9es en interrogeant la m\u00e9moire cellulaire, et permettre au corps de retrouver harmonie et justesse.<br><br>La HK va au-del\u00e0 des sympt\u00f4mes. Si elle peut agir comme un compl\u00e9ment de traitement \u00e0 la m\u00e9decine conventionnelle, elle ne donnera jamais aucun diagnostic ni ne se substituera au traitement ou \u00e0 l\u2019avis d\u2019un m\u00e9decin.<\/span><\/p>\n\n\n\n<p><span style=\"color:#797979\" class=\"has-inline-color\">En pratique, l\u2019objectif r\u00e9el est de permettre \u00e0 l\u2019organisme de retrouver son \u00e9quilibre \u00e9nerg\u00e9tique initial. Une fois cet \u00e9quilibre retrouv\u00e9, votre corps sera plus \u00e0 m\u00eame de fonctionner de mani\u00e8re optimale\u2026 Et vous, de r\u00e9aliser vos objectifs&nbsp;!<\/span><\/p>\n\n\n\n<hr class=\"wp-block-separator has-text-color has-background is-style-wide\" style=\"background-color:#797979;color:#797979\" id=\"comment-fonctionne-t-elle\"\/>\n\n\n\n<div class=\"wp-block-media-text alignwide is-stacked-on-mobile\" id=\"comment-fonctionne-t-elle\"><figure class=\"wp-block-media-text__media\"><img loading=\"lazy\" decoding=\"async\" width=\"1024\" height=\"760\" src=\"http:\/\/xmwbjjw.cluster031.hosting.ovh.net\/wp-content\/uploads\/2021\/12\/Moss-rock-and-zen-texte-1024x760.jpg\" alt=\"\" class=\"wp-image-57 size-full\" srcset=\"https:\/\/julieberthelemy.com\/wp-content\/uploads\/2021\/12\/Moss-rock-and-zen-texte-1024x760.jpg 1024w, https:\/\/julieberthelemy.com\/wp-content\/uploads\/2021\/12\/Moss-rock-and-zen-texte-300x223.jpg 300w, https:\/\/julieberthelemy.com\/wp-content\/uploads\/2021\/12\/Moss-rock-and-zen-texte-768x570.jpg 768w, https:\/\/julieberthelemy.com\/wp-content\/uploads\/2021\/12\/Moss-rock-and-zen-texte-1320x979.jpg 1320w, https:\/\/julieberthelemy.com\/wp-content\/uploads\/2021\/12\/Moss-rock-and-zen-texte-350x260.jpg 350w, https:\/\/julieberthelemy.com\/wp-content\/uploads\/2021\/12\/Moss-rock-and-zen-texte.jpg 1348w\" sizes=\"auto, (max-width: 706px) 89vw, (max-width: 767px) 82vw, 740px\" \/><\/figure><div class=\"wp-block-media-text__content\">\n<p class=\"has-text-color\" style=\"color:#808080;font-size:18px\"><strong>Comment fonctionne la kin\u00e9siologie&nbsp;?<\/strong><\/p>\n\n\n\n<p class=\"has-text-color\" style=\"color:#808080\">Ceci faisant, le kin\u00e9siologue restaure l\u2019\u00e9quilibre du corps&nbsp;physiquement, mentalement et \u00e9motionnellement de fa\u00e7on permanente et robuste . La <strong>HK<\/strong> agit sur l\u2019\u00e9nergie vitale gr\u00e2ce \u00e0 diff\u00e9rentes techniques. Elle utilise notamment le test musculaire et les questionnements verbaux, afin de comprendre quelles sont les priorit\u00e9s du corps, d\u2019o\u00f9 proviennent les d\u00e9s\u00e9quilibres \u00e9nerg\u00e9tiques et les corriger.<\/p>\n<\/div><\/div>\n\n\n\n<hr class=\"wp-block-separator has-text-color has-background is-style-wide\" style=\"background-color:#797979;color:#797979\"\/>\n\n\n\n<div class=\"wp-block-media-text alignwide has-media-on-the-right is-stacked-on-mobile\" id=\"b\u00e9n\u00e9fices-kin\u00e9sio\"><figure class=\"wp-block-media-text__media\"><img loading=\"lazy\" decoding=\"async\" width=\"1024\" height=\"682\" src=\"http:\/\/xmwbjjw.cluster031.hosting.ovh.net\/wp-content\/uploads\/2021\/12\/grapefruit-mirror-texte-1024x682.jpg\" alt=\"\" class=\"wp-image-58 size-full\" srcset=\"https:\/\/julieberthelemy.com\/wp-content\/uploads\/2021\/12\/grapefruit-mirror-texte-1024x682.jpg 1024w, https:\/\/julieberthelemy.com\/wp-content\/uploads\/2021\/12\/grapefruit-mirror-texte-300x200.jpg 300w, https:\/\/julieberthelemy.com\/wp-content\/uploads\/2021\/12\/grapefruit-mirror-texte-768x512.jpg 768w, https:\/\/julieberthelemy.com\/wp-content\/uploads\/2021\/12\/grapefruit-mirror-texte-1536x1024.jpg 1536w, https:\/\/julieberthelemy.com\/wp-content\/uploads\/2021\/12\/grapefruit-mirror-texte-1320x880.jpg 1320w, https:\/\/julieberthelemy.com\/wp-content\/uploads\/2021\/12\/grapefruit-mirror-texte-350x233.jpg 350w, https:\/\/julieberthelemy.com\/wp-content\/uploads\/2021\/12\/grapefruit-mirror-texte.jpg 1685w\" sizes=\"auto, (max-width: 706px) 89vw, (max-width: 767px) 82vw, 740px\" \/><\/figure><div class=\"wp-block-media-text__content\">\n<p class=\"has-text-color\" style=\"color:#808080;font-size:18px\"><strong>Pourquoi faire de la kin\u00e9siologie&nbsp;?<\/strong><\/p>\n\n\n\n<p class=\"has-text-color\" style=\"color:#808080\">La kin\u00e9siologie aide \u00e0 r\u00e9aliser toutes sortes d\u2019objectifs et \u00e0 surmonter efficacement les difficult\u00e9s de la vie. En donnant acc\u00e8s \u00e0 la m\u00e9moire cellulaire via le <strong>test musculaire<\/strong>, elle aide \u00e0&nbsp;:<br><\/p>\n\n\n\n<ul id=\"block-1c1c25b0-12cb-4d98-bf4f-649628d15a10\" class=\"has-text-color wp-block-list\" style=\"color:#808080\"><li>Surmonter les d\u00e9primes saisonni\u00e8res, les d\u00e9pressions et les burn-outs<\/li><li>Mieux g\u00e9rer ses \u00e9motions et son stress<\/li><li>Renforcer la confiance et l\u2019estime de soi<\/li><li>D\u00e9passer une rupture amoureuse difficile, un divorce<\/li><li>Trouver la reconversion professionnelle id\u00e9ale<\/li><li>Mieux s\u2019adapter \u00e0 un changement de vie<\/li><li>R\u00e9ussir \u00e0 l\u00e2cher prise<\/li><li>Se lib\u00e9rer des sch\u00e9mas r\u00e9p\u00e9titifs, des traumatismes<\/li><li>Nouer des relations saines<\/li><li>Se lancer dans un projet, une activit\u00e9<\/li><li>Am\u00e9liorer sa cr\u00e9ativit\u00e9<\/li><\/ul>\n<\/div><\/div>\n\n\n\n<p><span style=\"color:#797979\" class=\"has-inline-color\">En somme, le kin\u00e9siologue peut vous aider sur de nombreux aspects de votre vie. En identifiant les situations de stress, il va pouvoir \u00ab&nbsp;d\u00e9programmer&nbsp;\u00bb les r\u00e9actions automatiques de votre corps. L&rsquo;harmonie retrouv\u00e9e, vous repartirez l\u2019esprit l\u00e9ger&nbsp;!<\/span><\/p>\n\n\n\n<hr class=\"wp-block-separator has-text-color has-background is-style-wide\" style=\"background-color:#797979;color:#797979\"\/>\n\n\n\n<div class=\"wp-block-media-text alignwide is-stacked-on-mobile\" id=\"d\u00e9roul\u00e9-d-une-s\u00e9ance\"><figure class=\"wp-block-media-text__media\"><img loading=\"lazy\" decoding=\"async\" width=\"1024\" height=\"682\" src=\"http:\/\/xmwbjjw.cluster031.hosting.ovh.net\/wp-content\/uploads\/2021\/12\/pink-bouquet-of-flowers-texte-1024x682.jpg\" alt=\"\" class=\"wp-image-59 size-full\" srcset=\"https:\/\/julieberthelemy.com\/wp-content\/uploads\/2021\/12\/pink-bouquet-of-flowers-texte-1024x682.jpg 1024w, https:\/\/julieberthelemy.com\/wp-content\/uploads\/2021\/12\/pink-bouquet-of-flowers-texte-300x200.jpg 300w, https:\/\/julieberthelemy.com\/wp-content\/uploads\/2021\/12\/pink-bouquet-of-flowers-texte-768x512.jpg 768w, https:\/\/julieberthelemy.com\/wp-content\/uploads\/2021\/12\/pink-bouquet-of-flowers-texte-1536x1024.jpg 1536w, https:\/\/julieberthelemy.com\/wp-content\/uploads\/2021\/12\/pink-bouquet-of-flowers-texte-1320x880.jpg 1320w, https:\/\/julieberthelemy.com\/wp-content\/uploads\/2021\/12\/pink-bouquet-of-flowers-texte-350x233.jpg 350w, https:\/\/julieberthelemy.com\/wp-content\/uploads\/2021\/12\/pink-bouquet-of-flowers-texte.jpg 1685w\" sizes=\"auto, (max-width: 706px) 89vw, (max-width: 767px) 82vw, 740px\" \/><\/figure><div class=\"wp-block-media-text__content\">\n<p class=\"has-text-color\" style=\"color:#808080;font-size:18px\"><strong>Comment se d\u00e9roule une s\u00e9ance de kin\u00e9siologie&nbsp;?<\/strong><\/p>\n\n\n\n<p class=\"has-text-color\" style=\"color:#808080\">Dipl\u00f4m\u00e9e d\u2019une <strong>formation en Health Kinesiology<\/strong>, je vous aide \u00e0 retrouver votre bien-\u00eatre. Nous commen\u00e7ons avec un entretien de d\u00e9couverte, afin de mieux vous conna\u00eetre, cerner vos attentes et vos objectifs. Lors de cette premi\u00e8re s\u00e9ance, je fonctionne par une <strong>s\u00e9quence corporelle<\/strong> : il s&rsquo;agit d&rsquo;une s\u00e9ance en haute priorit\u00e9 pour le corps et focalis\u00e9e sur vos objectifs.<br><br>Ensuite, si vous d\u00e9sirez continuer, je peux vous proposer de <strong>dessiner un th\u00e8me<\/strong>. Dans celui-ci, vous obtenez l\u2019ensemble des corrections n\u00e9cessaires \u00e0 la r\u00e9alisation de vos objectifs.<br><br>Pour simplifier, ce th\u00e8me est une sorte d\u2019engagement avec le corps\u00a0: lorsqu\u2019on le commence, on doit le finir. Ainsi, je le propose seulement aux personnes ayant r\u00e9ellement envie de poursuivre, et ayant une affinit\u00e9 avec la HK.<\/p>\n<\/div><\/div>\n\n\n\n<p><span style=\"color:#797979\" class=\"has-inline-color\">Apr\u00e8s cela, nous passons \u00e0 la <strong>s\u00e9ance<\/strong>. Je me sers du<strong> test musculaire<\/strong> pour d\u00e9terminer les stress en lien avec vos objectifs, pouvant bloquer leurs r\u00e9alisations.\u00a0<\/span><\/p>\n\n\n\n<p><span style=\"color:#797979\" class=\"has-inline-color\">Une fois ces stress d\u00e9termin\u00e9s, nous pourrons travailler au <strong>r\u00e9\u00e9quilibrage \u00e9nerg\u00e9tique<\/strong>&nbsp;par un ensemble des corrections d\u00e9finies par le corps et ses priorit\u00e9s.<br>Vous repartirez lib\u00e9r\u00e9-e-s du stress pour lequel vous \u00eates venu-e-s consulter&nbsp;!<\/span><\/p>\n\n\n\n<p><span style=\"color:#797979\" class=\"has-inline-color\">Chaque <strong>consultation de kin\u00e9siologie<\/strong> dure une heure en moyenne en visioconf\u00e9rence&nbsp;: je vous dirige directement sur les points d\u2019acupuncture \u00e0 tenir, les phrases \u00e0 penser et les diff\u00e9rentes choses \u00e0 faire\u2026<\/span><\/p>\n\n\n\n<hr class=\"wp-block-separator has-text-color has-background is-style-wide\" style=\"background-color:#797979;color:#797979\"\/>\n\n\n\n<div class=\"wp-block-media-text alignwide has-media-on-the-right is-stacked-on-mobile\" id=\"d\u00e9couverte-kin\u00e9sio\"><figure class=\"wp-block-media-text__media\"><img loading=\"lazy\" decoding=\"async\" width=\"1024\" height=\"682\" src=\"http:\/\/xmwbjjw.cluster031.hosting.ovh.net\/wp-content\/uploads\/2021\/12\/white-banana-1-texte-1024x682.jpg\" alt=\"\" class=\"wp-image-60 size-full\" srcset=\"https:\/\/julieberthelemy.com\/wp-content\/uploads\/2021\/12\/white-banana-1-texte-1024x682.jpg 1024w, https:\/\/julieberthelemy.com\/wp-content\/uploads\/2021\/12\/white-banana-1-texte-300x200.jpg 300w, https:\/\/julieberthelemy.com\/wp-content\/uploads\/2021\/12\/white-banana-1-texte-768x512.jpg 768w, https:\/\/julieberthelemy.com\/wp-content\/uploads\/2021\/12\/white-banana-1-texte-1536x1024.jpg 1536w, https:\/\/julieberthelemy.com\/wp-content\/uploads\/2021\/12\/white-banana-1-texte-1320x880.jpg 1320w, https:\/\/julieberthelemy.com\/wp-content\/uploads\/2021\/12\/white-banana-1-texte-350x233.jpg 350w, https:\/\/julieberthelemy.com\/wp-content\/uploads\/2021\/12\/white-banana-1-texte.jpg 1685w\" sizes=\"auto, (max-width: 706px) 89vw, (max-width: 767px) 82vw, 740px\" \/><\/figure><div class=\"wp-block-media-text__content\">\n<p class=\"has-text-color\" style=\"color:#808080;font-size:18px\"><strong>Qu\u2019en est-il de l\u2019\u00e9thique&nbsp;en kin\u00e9siologie&nbsp;?<\/strong><\/p>\n\n\n\n<p><span style=\"color:#797979\" class=\"has-inline-color\">Attention&nbsp;: les s\u00e9ances de kin\u00e9siologie de la sant\u00e9 sont \u00e0 r\u00e9aliser en compl\u00e9ment de traitement. <strong>Le kin\u00e9siologue n\u2019est pas m\u00e9decin<\/strong>&nbsp;: il ne fait pas de diagnostic, ni de prescription, ni de traitement.<\/span><\/p>\n\n\n\n<p><span style=\"color:#797979\" class=\"has-inline-color\">Il s\u2019agit d\u2019une pratique permettant au corps de fonctionner de mani\u00e8re optimale, en lui apprenant \u00e0 disposer pleinement de ses ressources \u00e9nerg\u00e9tiques.<\/span><\/p>\n<\/div><\/div>\n\n\n\n<hr class=\"wp-block-separator has-text-color has-background is-style-wide\" style=\"background-color:#797979;color:#797979\"\/>\n\n\n\n<p class=\"has-text-color\" style=\"color:#808080\"><strong>Le kin\u00e9siologue&nbsp;a \u00e0 c\u0153ur les points suivants :<\/strong><\/p>\n\n\n\n<ul id=\"block-c399a8e2-622c-4696-a831-df3fae675a63\" class=\"has-text-color wp-block-list\" style=\"color:#808080\"><li>Respect de la personne, quels que soient son \u00e2ge, son \u00e9tat de sant\u00e9, son syst\u00e8me de croyances<\/li><li>Pratique du non-jugement, de l\u2019empathie et du respect du client, des confr\u00e8res et autres professions<\/li><li>Application du secret professionnel, et maintien du caract\u00e8re confidentiel des donn\u00e9es recueillies<\/li><li>Prise en compte des limites professionnelles et personnelles du client<\/li><li>R\u00e9actualisation r\u00e9guli\u00e8re de ses comp\u00e9tences en kin\u00e9siologie<\/li><li>Respect de la l\u00e9gislation<\/li><\/ul>\n\n\n\n<p><\/p>\n","protected":false},"excerpt":{"rendered":"<p>Qu\u2019est-ce que la kin\u00e9siologie&nbsp;? Comment fonctionne-t-elle&nbsp;? Qui peut en b\u00e9n\u00e9ficier&nbsp;? Comment se d\u00e9roule une s\u00e9ance&nbsp;? A d\u00e9couvrir sur cette page&nbsp;! La kin\u00e9siologie : La Health kinesiology (HK) est une pratique de m\u00e9decine douce mais puissante, adapt\u00e9e \u00e0 tous. Elle peut vous aider \u00e0 r\u00e9aliser vos objectifs et \u00e0 surmonter toutes sortes de probl\u00e9matiques, gr\u00e2ce \u00e0 &hellip; <\/p>\n<p class=\"link-more\"><a href=\"https:\/\/julieberthelemy.com\/\" class=\"more-link\">Continuer la lecture<span class=\"screen-reader-text\"> de &laquo;&nbsp;Kin\u00e9siologie de la sant\u00e9 \/ Health Kinesiology (HK)&nbsp;&raquo;<\/span><\/a><\/p>\n","protected":false},"author":1,"featured_media":0,"parent":0,"menu_order":0,"comment_status":"closed","ping_status":"closed","template":"","meta":{"footnotes":""},"class_list":["post-10","page","type-page","status-publish","hentry"],"jetpack_sharing_enabled":true,"_links":{"self":[{"href":"https:\/\/julieberthelemy.com\/index.php\/wp-json\/wp\/v2\/pages\/10","targetHints":{"allow":["GET"]}}],"collection":[{"href":"https:\/\/julieberthelemy.com\/index.php\/wp-json\/wp\/v2\/pages"}],"about":[{"href":"https:\/\/julieberthelemy.com\/index.php\/wp-json\/wp\/v2\/types\/page"}],"author":[{"embeddable":true,"href":"https:\/\/julieberthelemy.com\/index.php\/wp-json\/wp\/v2\/users\/1"}],"replies":[{"embeddable":true,"href":"https:\/\/julieberthelemy.com\/index.php\/wp-json\/wp\/v2\/comments?post=10"}],"version-history":[{"count":36,"href":"https:\/\/julieberthelemy.com\/index.php\/wp-json\/wp\/v2\/pages\/10\/revisions"}],"predecessor-version":[{"id":256,"href":"https:\/\/julieberthelemy.com\/index.php\/wp-json\/wp\/v2\/pages\/10\/revisions\/256"}],"wp:attachment":[{"href":"https:\/\/julieberthelemy.com\/index.php\/wp-json\/wp\/v2\/media?parent=10"}],"curies":[{"name":"wp","href":"https:\/\/api.w.org\/{rel}","templated":true}]}}