{"id":32,"date":"2021-12-24T16:57:41","date_gmt":"2021-12-24T15:57:41","guid":{"rendered":"http:\/\/xmwbjjw.cluster031.hosting.ovh.net\/index.php\/boutique\/"},"modified":"2024-06-02T14:09:38","modified_gmt":"2024-06-02T12:09:38","slug":"reserver-une-seance","status":"publish","type":"page","link":"https:\/\/julieberthelemy.com\/index.php\/reserver-une-seance\/","title":{"rendered":"PRENDRE RENDEZ-VOUS"},"content":{"rendered":"\n<div class=\"wp-block-columns is-layout-flex wp-container-core-columns-is-layout-9d6595d7 wp-block-columns-is-layout-flex\">\n<div class=\"wp-block-column is-layout-flow wp-block-column-is-layout-flow\"><div class=\"wp-block-image is-style-rounded\">\n<figure class=\"aligncenter size-thumbnail is-resized\"><img loading=\"lazy\" decoding=\"async\" width=\"150\" height=\"150\" src=\"https:\/\/julieberthelemy.com\/wp-content\/uploads\/2021\/12\/green-curtain-background-150x150.jpg\" alt=\"\" class=\"wp-image-6\" style=\"width:557px;height:auto\" srcset=\"https:\/\/julieberthelemy.com\/wp-content\/uploads\/2021\/12\/green-curtain-background-150x150.jpg 150w, https:\/\/julieberthelemy.com\/wp-content\/uploads\/2021\/12\/green-curtain-background-250x250.jpg 250w, https:\/\/julieberthelemy.com\/wp-content\/uploads\/2021\/12\/green-curtain-background-100x100.jpg 100w\" sizes=\"auto, (max-width: 150px) 100vw, 150px\" \/><figcaption class=\"wp-element-caption\"><strong>R\u00c9SERVER UNE S\u00c9ANCE<\/strong> <strong>EN VISIO<\/strong><br><br>Pour tout renseignement ou prise de rendez-vous n&rsquo;h\u00e9sitez pas \u00e0 me contacter par mail ou par t\u00e9l\u00e9phone.<br>Je propose des s\u00e9ances en visio et pr\u00e9sentiel ainsi que des soins \u00e0 distance.<\/figcaption><\/figure>\n<\/div><\/div>\n<\/div>\n","protected":false},"excerpt":{"rendered":"","protected":false},"author":1,"featured_media":0,"parent":0,"menu_order":0,"comment_status":"closed","ping_status":"closed","template":"","meta":{"footnotes":""},"class_list":["post-32","page","type-page","status-publish","hentry"],"jetpack_sharing_enabled":true,"_links":{"self":[{"href":"https:\/\/julieberthelemy.com\/index.php\/wp-json\/wp\/v2\/pages\/32","targetHints":{"allow":["GET"]}}],"collection":[{"href":"https:\/\/julieberthelemy.com\/index.php\/wp-json\/wp\/v2\/pages"}],"about":[{"href":"https:\/\/julieberthelemy.com\/index.php\/wp-json\/wp\/v2\/types\/page"}],"author":[{"embeddable":true,"href":"https:\/\/julieberthelemy.com\/index.php\/wp-json\/wp\/v2\/users\/1"}],"replies":[{"embeddable":true,"href":"https:\/\/julieberthelemy.com\/index.php\/wp-json\/wp\/v2\/comments?post=32"}],"version-history":[{"count":27,"href":"https:\/\/julieberthelemy.com\/index.php\/wp-json\/wp\/v2\/pages\/32\/revisions"}],"predecessor-version":[{"id":283,"href":"https:\/\/julieberthelemy.com\/index.php\/wp-json\/wp\/v2\/pages\/32\/revisions\/283"}],"wp:attachment":[{"href":"https:\/\/julieberthelemy.com\/index.php\/wp-json\/wp\/v2\/media?parent=32"}],"curies":[{"name":"wp","href":"https:\/\/api.w.org\/{rel}","templated":true}]}}